{"id":2729,"date":"2021-11-26T14:36:06","date_gmt":"2021-11-26T14:36:06","guid":{"rendered":"https:\/\/zone300.wp.aitakes-apps.com\/?post_type=product&amp;p=2729"},"modified":"2021-11-26T14:36:06","modified_gmt":"2021-11-26T14:36:06","slug":"sweatshirt-a-capuche-sanglier-zone300-adulte-unisexe","status":"publish","type":"product","link":"https:\/\/boutique.zone300.com\/index.php\/product\/sweatshirt-a-capuche-sanglier-zone300-adulte-unisexe\/","title":{"rendered":"Sweatshirt \u00e0 Capuche Sanglier Zone300 &#8211; Adulte Unisexe &#8211; Orange"},"content":{"rendered":"<p>Sweatshirt \u00e0 capuche sanglier par Zone300 pour adultes.<\/p>\n<ul>\n<li>Excellente tenue dans le temps.<\/li>\n<li>Doux et confortable \u00e0 porter.<\/li>\n<li>Mod\u00e8le unisexe.<\/li>\n<\/ul>\n<p>50% coton \/ 50% polyester. Molleton gratt\u00e9. Bord inf\u00e9rieur et poignets en c\u00f4te \u00e9lasthanne 1&#215;1. Double surpiq\u00fbres \u00e0 cheval au niveau des emmanchures.<br \/>\nPoche kangourou. Capuche \u00e0 deux pans avec cordon ton sur ton en forme de tube. Manches mont\u00e9es. Coutures lat\u00e9rales.<\/p>\n<p>pull, pull-over, pull over, pullover, col rond, tricot, gillet, polo, polos, pulls<br \/>\nhomme, femme, masculin, f\u00e9minin, parent, parents, papa, papas, maman, mamans, grand, grande, grands, grandes, adulte, adultes,<\/p>\n","protected":false},"excerpt":{"rendered":"<h3>Le Sanglier :<\/h3>\n<p>Force brute de la nature, la b\u00eate noire ne se laisse pas attraper si facilement\u2026 Le sanglier est un guerrier, ses dents sont des \u00e9p\u00e9es, son cuir, un bouclier.<\/p>\n<p>&nbsp;<\/p>\n<h3>Description :<\/h3>\n<p>Sweatshirt \u00e0 capuche sanglier par Zone300 pour adultes.<\/p>\n<ul>\n<li>Excellente tenue dans le temps.<\/li>\n<li>Doux et confortable \u00e0 porter.<\/li>\n<li>Mod\u00e8le unisexe.<\/li>\n<\/ul>\n<p>50% coton \/ 50% polyester. Molleton gratt\u00e9. Bord inf\u00e9rieur et poignets en c\u00f4te \u00e9lasthanne 1&#215;1. Double surpiq\u00fbres \u00e0 cheval au niveau des emmanchures.<br \/>\nPoche kangourou. Capuche \u00e0 deux pans avec cordon ton sur ton en forme de tube. Manches mont\u00e9es. Coutures lat\u00e9rales.<\/p>\n","protected":false},"featured_media":3253,"comment_status":"open","ping_status":"closed","template":"","meta":[],"product_cat":[45],"product_tag":[19,42],"_links":{"self":[{"href":"https:\/\/boutique.zone300.com\/index.php\/wp-json\/wp\/v2\/product\/2729"}],"collection":[{"href":"https:\/\/boutique.zone300.com\/index.php\/wp-json\/wp\/v2\/product"}],"about":[{"href":"https:\/\/boutique.zone300.com\/index.php\/wp-json\/wp\/v2\/types\/product"}],"replies":[{"embeddable":true,"href":"https:\/\/boutique.zone300.com\/index.php\/wp-json\/wp\/v2\/comments?post=2729"}],"wp:featuredmedia":[{"embeddable":true,"href":"https:\/\/boutique.zone300.com\/index.php\/wp-json\/wp\/v2\/media\/3253"}],"wp:attachment":[{"href":"https:\/\/boutique.zone300.com\/index.php\/wp-json\/wp\/v2\/media?parent=2729"}],"wp:term":[{"taxonomy":"product_cat","embeddable":true,"href":"https:\/\/boutique.zone300.com\/index.php\/wp-json\/wp\/v2\/product_cat?post=2729"},{"taxonomy":"product_tag","embeddable":true,"href":"https:\/\/boutique.zone300.com\/index.php\/wp-json\/wp\/v2\/product_tag?post=2729"}],"curies":[{"name":"wp","href":"https:\/\/api.w.org\/{rel}","templated":true}]}}