{"id":2740,"date":"2021-11-26T14:44:16","date_gmt":"2021-11-26T14:44:16","guid":{"rendered":"https:\/\/zone300.wp.aitakes-apps.com\/?post_type=product&amp;p=2740"},"modified":"2026-04-19T01:21:20","modified_gmt":"2026-04-18T23:21:20","slug":"sweatshirt-a-capuche-brocard-zone300-adulte-unisexe","status":"publish","type":"product","link":"https:\/\/boutique.zone300.com\/index.php\/product\/sweatshirt-a-capuche-brocard-zone300-adulte-unisexe\/","title":{"rendered":"Sweatshirt \u00e0 Capuche Brocard Zone300 &#8211; Adulte Unisexe"},"content":{"rendered":"<p>Sweatshirt \u00e0 capuche brocard par Zone300 pour adultes.<\/p>\n<ul>\n<li>Excellente tenue dans le temps.<\/li>\n<li>Doux et confortable \u00e0 porter.<\/li>\n<li>Mod\u00e8le unisexe.<\/li>\n<\/ul>\n<p>50% coton \/ 50% polyester. Molleton gratt\u00e9. Bord inf\u00e9rieur et poignets en c\u00f4te \u00e9lasthanne 1&#215;1. Double surpiq\u00fbres \u00e0 cheval au niveau des emmanchures.<br \/>\nPoche kangourou. Capuche \u00e0 deux pans avec cordon ton sur ton en forme de tube. Manches mont\u00e9es. Coutures lat\u00e9rales.<\/p>\n<p>sweatshirt, sweatshirts, sweat-shirt, sweat-shirts, sweat shirt, sweat, sweats, pull \u00e0 capuche, pulls \u00e0 capuche, sweat \u00e0 capuche, sweats \u00e0 capuche,<br \/>\nhomme, femme, masculin, f\u00e9minin, parent, parents, papa, papas, maman, mamans, grand, grande, grands, grandes, adulte, adultes,<\/p>\n","protected":false},"excerpt":{"rendered":"<h3>Le Brocard :<\/h3>\n<p>Timide mais tout en \u00e9l\u00e9gance, le petit prince d\u00e9ambule \u00e0 travers les champs. De bond en bond, le brocard court \u00e0 la recherche de sa dulcin\u00e9e.<\/p>\n<p>&nbsp;<\/p>\n<h3>Description :<\/h3>\n<p>Sweatshirt \u00e0 capuche brocard par Zone300.<\/p>\n<ul>\n<li>Excellente tenue dans le temps.<\/li>\n<li>Doux et confortable \u00e0 porter.<\/li>\n<li>Mod\u00e8le unisexe.<\/li>\n<\/ul>\n<p>50% coton \/ 50% polyester. Molleton gratt\u00e9. Bord inf\u00e9rieur et poignets en c\u00f4te \u00e9lasthanne 1&#215;1. Double surpiq\u00fbres \u00e0 cheval au niveau des emmanchures.<br \/>\nPoche kangourou. Capuche \u00e0 deux pans avec cordon ton sur ton en forme de tube. Manches mont\u00e9es. Coutures lat\u00e9rales.<\/p>\n","protected":false},"featured_media":3782,"comment_status":"open","ping_status":"closed","template":"","meta":[],"product_cat":[35],"product_tag":[19,23],"_links":{"self":[{"href":"https:\/\/boutique.zone300.com\/index.php\/wp-json\/wp\/v2\/product\/2740"}],"collection":[{"href":"https:\/\/boutique.zone300.com\/index.php\/wp-json\/wp\/v2\/product"}],"about":[{"href":"https:\/\/boutique.zone300.com\/index.php\/wp-json\/wp\/v2\/types\/product"}],"replies":[{"embeddable":true,"href":"https:\/\/boutique.zone300.com\/index.php\/wp-json\/wp\/v2\/comments?post=2740"}],"wp:featuredmedia":[{"embeddable":true,"href":"https:\/\/boutique.zone300.com\/index.php\/wp-json\/wp\/v2\/media\/3782"}],"wp:attachment":[{"href":"https:\/\/boutique.zone300.com\/index.php\/wp-json\/wp\/v2\/media?parent=2740"}],"wp:term":[{"taxonomy":"product_cat","embeddable":true,"href":"https:\/\/boutique.zone300.com\/index.php\/wp-json\/wp\/v2\/product_cat?post=2740"},{"taxonomy":"product_tag","embeddable":true,"href":"https:\/\/boutique.zone300.com\/index.php\/wp-json\/wp\/v2\/product_tag?post=2740"}],"curies":[{"name":"wp","href":"https:\/\/api.w.org\/{rel}","templated":true}]}}