{"id":2803,"date":"2021-11-26T15:03:56","date_gmt":"2021-11-26T15:03:56","guid":{"rendered":"https:\/\/zone300.wp.aitakes-apps.com\/?post_type=product&amp;p=2803"},"modified":"2026-04-18T20:49:05","modified_gmt":"2026-04-18T18:49:05","slug":"bonnet-beagle-zone300","status":"publish","type":"product","link":"https:\/\/boutique.zone300.com\/index.php\/product\/bonnet-beagle-zone300\/","title":{"rendered":"Bonnet Beagle Zone300"},"content":{"rendered":"<p>Bonnet beagle par Zone300.<\/p>\n<p>Taille unique.<\/p>\n<ul>\n<li>Couleur vive et r\u00e9sistante lavage apr\u00e8s lavage.<\/li>\n<li>Toucher doux confortable \u00e0 porter.<\/li>\n<li>\u00c9pouse parfaitement le tour de t\u00eate.<\/li>\n<\/ul>\n<p>72 g. 100% acrylique Soft-Touch, doubl\u00e9, avec revers.<\/p>\n<p>bonnets, bonnet, froid, t\u00eate, t\u00eates, oreilles, oreille, hiver, calot, bob<br \/>\nhomme, femme, masculin, f\u00e9minin, parent, parents, papa, papas, maman, mamans, grand, grande, grands, grandes, adulte, adultes,<br \/>\ngar\u00e7on, gar\u00e7ons, garcon, garcons, fille, filles, petit, petite, petits, petites, jeune, jeunes, enfant, enfants, fils, petit fils, petit-fils, petite-fille, petite fille<\/p>\n","protected":false},"excerpt":{"rendered":"<h3>Le Bealge :<\/h3>\n<p>Tous en ch\u0153ur, les beagles font entendre leur hurlement \u00e0 travers la for\u00eat. Intr\u00e9pide et valeureux compagnon, sa t\u00e9nacit\u00e9 est encore plus grande face au plus rus\u00e9 des li\u00e8vres.<\/p>\n<p>&nbsp;<\/p>\n<h3>Description :<\/h3>\n<p>Bonnet beagle par Zone300.<\/p>\n<p>Taille unique.<\/p>\n<ul>\n<li>Couleur vive et r\u00e9sistante lavage apr\u00e8s lavage.<\/li>\n<li>Toucher doux confortable \u00e0 porter.<\/li>\n<li>\u00c9pouse parfaitement le tour de t\u00eate.<\/li>\n<\/ul>\n<p>72 g. 100% acrylique Soft-Touch, doubl\u00e9, avec revers.<\/p>\n","protected":false},"featured_media":3630,"comment_status":"open","ping_status":"closed","template":"","meta":[],"product_cat":[22],"product_tag":[19,20,32],"_links":{"self":[{"href":"https:\/\/boutique.zone300.com\/index.php\/wp-json\/wp\/v2\/product\/2803"}],"collection":[{"href":"https:\/\/boutique.zone300.com\/index.php\/wp-json\/wp\/v2\/product"}],"about":[{"href":"https:\/\/boutique.zone300.com\/index.php\/wp-json\/wp\/v2\/types\/product"}],"replies":[{"embeddable":true,"href":"https:\/\/boutique.zone300.com\/index.php\/wp-json\/wp\/v2\/comments?post=2803"}],"wp:featuredmedia":[{"embeddable":true,"href":"https:\/\/boutique.zone300.com\/index.php\/wp-json\/wp\/v2\/media\/3630"}],"wp:attachment":[{"href":"https:\/\/boutique.zone300.com\/index.php\/wp-json\/wp\/v2\/media?parent=2803"}],"wp:term":[{"taxonomy":"product_cat","embeddable":true,"href":"https:\/\/boutique.zone300.com\/index.php\/wp-json\/wp\/v2\/product_cat?post=2803"},{"taxonomy":"product_tag","embeddable":true,"href":"https:\/\/boutique.zone300.com\/index.php\/wp-json\/wp\/v2\/product_tag?post=2803"}],"curies":[{"name":"wp","href":"https:\/\/api.w.org\/{rel}","templated":true}]}}