{"id":2836,"date":"2021-11-26T15:55:28","date_gmt":"2021-11-26T15:55:28","guid":{"rendered":"https:\/\/zone300.wp.aitakes-apps.com\/?post_type=product&amp;p=2836"},"modified":"2021-11-26T15:55:28","modified_gmt":"2021-11-26T15:55:28","slug":"bonnet-becasse-des-bois-zone300","status":"publish","type":"product","link":"https:\/\/boutique.zone300.com\/index.php\/product\/bonnet-becasse-des-bois-zone300\/","title":{"rendered":"Bonnet B\u00e9casse Des Bois Zone300"},"content":{"rendered":"<p>Bonnet b\u00e9casse des bois par Zone300.<\/p>\n<p>Taille unique.<\/p>\n<ul>\n<li>Couleur vive et r\u00e9sistante lavage apr\u00e8s lavage.<\/li>\n<li>Toucher doux confortable \u00e0 porter.<\/li>\n<li>\u00c9pouse parfaitement le tour de t\u00eate.<\/li>\n<\/ul>\n<p>72 g. 100% acrylique Soft-Touch, doubl\u00e9, avec revers.<\/p>\n<p>bonnets, bonnet, froid, t\u00eate, t\u00eates, oreilles, oreille, hiver, calot, bob<br \/>\nhomme, femme, masculin, f\u00e9minin, parent, parents, papa, papas, maman, mamans, grand, grande, grands, grandes, adulte, adultes,<br \/>\ngar\u00e7on, gar\u00e7ons, garcon, garcons, fille, filles, petit, petite, petits, petites, jeune, jeunes, enfant, enfants, fils, petit fils, petit-fils, petite-fille, petite fille<\/p>\n","protected":false},"excerpt":{"rendered":"<h3>La b\u00e9casse des bois :<\/h3>\n<p>Silencieuse et magnifique, elle se fond dans le feuillage gr\u00e2ce \u00e0 un trompe l&#8217;\u0153il des plus efficaces. Refl\u00e9tant la v\u00e9g\u00e9tation d\u2019automne, elle passe inaper\u00e7ue.<br \/>\nC\u2019est la b\u00e9casse, reine des bois<\/p>\n<p>&nbsp;<\/p>\n<h3>Description :<\/h3>\n<p>Bonnet b\u00e9casse des bois par Zone300.<\/p>\n<p>Taille unique.<\/p>\n<ul>\n<li>Couleur vive et r\u00e9sistante lavage apr\u00e8s lavage.<\/li>\n<li>Toucher doux confortable \u00e0 porter.<\/li>\n<li>\u00c9pouse parfaitement le tour de t\u00eate.<\/li>\n<\/ul>\n<p>72 g. 100% acrylique Soft-Touch,\u00a0doubl\u00e9, avec revers.<\/p>\n","protected":false},"featured_media":3626,"comment_status":"open","ping_status":"closed","template":"","meta":[],"product_cat":[22],"product_tag":[19,21,32],"_links":{"self":[{"href":"https:\/\/boutique.zone300.com\/index.php\/wp-json\/wp\/v2\/product\/2836"}],"collection":[{"href":"https:\/\/boutique.zone300.com\/index.php\/wp-json\/wp\/v2\/product"}],"about":[{"href":"https:\/\/boutique.zone300.com\/index.php\/wp-json\/wp\/v2\/types\/product"}],"replies":[{"embeddable":true,"href":"https:\/\/boutique.zone300.com\/index.php\/wp-json\/wp\/v2\/comments?post=2836"}],"wp:featuredmedia":[{"embeddable":true,"href":"https:\/\/boutique.zone300.com\/index.php\/wp-json\/wp\/v2\/media\/3626"}],"wp:attachment":[{"href":"https:\/\/boutique.zone300.com\/index.php\/wp-json\/wp\/v2\/media?parent=2836"}],"wp:term":[{"taxonomy":"product_cat","embeddable":true,"href":"https:\/\/boutique.zone300.com\/index.php\/wp-json\/wp\/v2\/product_cat?post=2836"},{"taxonomy":"product_tag","embeddable":true,"href":"https:\/\/boutique.zone300.com\/index.php\/wp-json\/wp\/v2\/product_tag?post=2836"}],"curies":[{"name":"wp","href":"https:\/\/api.w.org\/{rel}","templated":true}]}}