{"id":2876,"date":"2021-11-26T16:08:53","date_gmt":"2021-11-26T16:08:53","guid":{"rendered":"https:\/\/zone300.wp.aitakes-apps.com\/?post_type=product&amp;p=2876"},"modified":"2021-11-26T16:08:53","modified_gmt":"2021-11-26T16:08:53","slug":"t-shirt-chevreuil-zone300-enfant-unisexe","status":"publish","type":"product","link":"https:\/\/boutique.zone300.com\/index.php\/product\/t-shirt-chevreuil-zone300-enfant-unisexe\/","title":{"rendered":"T-shirt Chevreuil Zone300 &#8211; Enfant Unisexe"},"content":{"rendered":"<p>T-shirt logo chevreuil par Zone300 pour enfants.<\/p>\n<p>Mod\u00e8le unisexe.<\/p>\n<ul>\n<li>Disponible en plusieurs tailles.<\/li>\n<li>100% coton peign\u00e9.<\/li>\n<li>Col rond ras du cou.<\/li>\n<li>Manches courtes.<\/li>\n<li>Imprim\u00e9 sur le c\u0153ur.<\/li>\n<li>Coupe classique.<\/li>\n<\/ul>\n","protected":false},"excerpt":{"rendered":"<h3>Le Chevreuil :<\/h3>\n<p>Timide mais tout en \u00e9l\u00e9gance, le petit prince d\u00e9ambule \u00e0 travers les champs. De bond en bond, le chevreuil court \u00e0 la recherche de sa dulcin\u00e9e.<\/p>\n<p>&nbsp;<\/p>\n<h3>Description :<\/h3>\n<p>T-shirt logo chevreuil par Zone300 pour enfants.<\/p>\n<p>Mod\u00e8le unisexe.<\/p>\n<ul>\n<li>Disponible en plusieurs tailles.<\/li>\n<li>100% coton peign\u00e9.<\/li>\n<li>Col rond ras du cou.<\/li>\n<li>Manches courtes.<\/li>\n<li>Imprim\u00e9 sur le c\u0153ur.<\/li>\n<li>Coupe classique.<\/li>\n<\/ul>\n","protected":false},"featured_media":3272,"comment_status":"open","ping_status":"closed","template":"","meta":[],"product_cat":[31],"product_tag":[26,32],"_links":{"self":[{"href":"https:\/\/boutique.zone300.com\/index.php\/wp-json\/wp\/v2\/product\/2876"}],"collection":[{"href":"https:\/\/boutique.zone300.com\/index.php\/wp-json\/wp\/v2\/product"}],"about":[{"href":"https:\/\/boutique.zone300.com\/index.php\/wp-json\/wp\/v2\/types\/product"}],"replies":[{"embeddable":true,"href":"https:\/\/boutique.zone300.com\/index.php\/wp-json\/wp\/v2\/comments?post=2876"}],"wp:featuredmedia":[{"embeddable":true,"href":"https:\/\/boutique.zone300.com\/index.php\/wp-json\/wp\/v2\/media\/3272"}],"wp:attachment":[{"href":"https:\/\/boutique.zone300.com\/index.php\/wp-json\/wp\/v2\/media?parent=2876"}],"wp:term":[{"taxonomy":"product_cat","embeddable":true,"href":"https:\/\/boutique.zone300.com\/index.php\/wp-json\/wp\/v2\/product_cat?post=2876"},{"taxonomy":"product_tag","embeddable":true,"href":"https:\/\/boutique.zone300.com\/index.php\/wp-json\/wp\/v2\/product_tag?post=2876"}],"curies":[{"name":"wp","href":"https:\/\/api.w.org\/{rel}","templated":true}]}}