{"id":2892,"date":"2021-11-26T16:11:21","date_gmt":"2021-11-26T16:11:21","guid":{"rendered":"https:\/\/zone300.wp.aitakes-apps.com\/?post_type=product&amp;p=2892"},"modified":"2024-07-02T12:28:24","modified_gmt":"2024-07-02T10:28:24","slug":"casquette-brocard-zone300","status":"publish","type":"product","link":"https:\/\/boutique.zone300.com\/index.php\/product\/casquette-brocard-zone300\/","title":{"rendered":"Casquette Chevreuil Zone300"},"content":{"rendered":"<p>Casquette chevreuil par Zone300.<\/p>\n<p>Taille unique. 100% coton bross\u00e9<\/p>\n<ul>\n<li>Surface lisse et soyeuse.<\/li>\n<li>Tissu r\u00e9sistant et durable.<\/li>\n<li>Doux et confortable \u00e0 porter.<\/li>\n<\/ul>\n<p>Design unique, disponible uniquement sur Zone300.<\/p>\n<p>casquette, casqeuttes, couvrechef, couvre-chef, couvrechefs, couvre-chefs, t\u00eate, t\u00eates, soleil, chapeau, \u00e9t\u00e9<br \/>\nhomme, femme, masculin, f\u00e9minin, parent, parents, papa, papas, maman, mamans, grand, grande, grands, grandes, adulte, adultes,<br \/>\ngar\u00e7on, gar\u00e7ons, garcon, garcons, fille, filles, petit, petite, petits, petites, jeune, jeunes, enfant, enfants, fils, petit fils, petit-fils, petite-fille, petite fille<\/p>\n","protected":false},"excerpt":{"rendered":"<h3>Le Chevreuil :<\/h3>\n<p>Timide mais tout en \u00e9l\u00e9gance, le petit prince d\u00e9ambule \u00e0 travers les champs. De bond en bond, le chevreuil court \u00e0 la recherche de sa dulcin\u00e9e.<\/p>\n<p>&nbsp;<\/p>\n<h3>Description :<\/h3>\n<p>Casquette chevreuil par Zone300.<\/p>\n<p>Taille unique. 100% coton bross\u00e9<\/p>\n<ul>\n<li>Surface lisse et soyeuse.<\/li>\n<li>Tissu r\u00e9sistant et durable.<\/li>\n<li>Doux et confortable \u00e0 porter.<\/li>\n<\/ul>\n<p>Design unique, disponible uniquement sur Zone300.<\/p>\n","protected":false},"featured_media":3619,"comment_status":"open","ping_status":"closed","template":"","meta":[],"product_cat":[22],"product_tag":[19,26,32],"_links":{"self":[{"href":"https:\/\/boutique.zone300.com\/index.php\/wp-json\/wp\/v2\/product\/2892"}],"collection":[{"href":"https:\/\/boutique.zone300.com\/index.php\/wp-json\/wp\/v2\/product"}],"about":[{"href":"https:\/\/boutique.zone300.com\/index.php\/wp-json\/wp\/v2\/types\/product"}],"replies":[{"embeddable":true,"href":"https:\/\/boutique.zone300.com\/index.php\/wp-json\/wp\/v2\/comments?post=2892"}],"wp:featuredmedia":[{"embeddable":true,"href":"https:\/\/boutique.zone300.com\/index.php\/wp-json\/wp\/v2\/media\/3619"}],"wp:attachment":[{"href":"https:\/\/boutique.zone300.com\/index.php\/wp-json\/wp\/v2\/media?parent=2892"}],"wp:term":[{"taxonomy":"product_cat","embeddable":true,"href":"https:\/\/boutique.zone300.com\/index.php\/wp-json\/wp\/v2\/product_cat?post=2892"},{"taxonomy":"product_tag","embeddable":true,"href":"https:\/\/boutique.zone300.com\/index.php\/wp-json\/wp\/v2\/product_tag?post=2892"}],"curies":[{"name":"wp","href":"https:\/\/api.w.org\/{rel}","templated":true}]}}