{"id":2912,"date":"2021-11-26T16:16:41","date_gmt":"2021-11-26T16:16:41","guid":{"rendered":"https:\/\/zone300.wp.aitakes-apps.com\/?post_type=product&amp;p=2912"},"modified":"2021-11-26T16:16:41","modified_gmt":"2021-11-26T16:16:41","slug":"t-shirt-perdrix-zone300-enfant-unisexe","status":"publish","type":"product","link":"https:\/\/boutique.zone300.com\/index.php\/product\/t-shirt-perdrix-zone300-enfant-unisexe\/","title":{"rendered":"T-shirt Perdrix Zone300 &#8211; Enfant Unisexe"},"content":{"rendered":"<p>T-shirt logo perdrix par Zone300 pour enfants.<\/p>\n<p>Mod\u00e8le unisexe.<\/p>\n<ul>\n<li>Disponible en plusieurs tailles.<\/li>\n<li>100% coton peign\u00e9.<\/li>\n<li>Col rond ras du cou.<\/li>\n<li>Manches courtes.<\/li>\n<li>Imprim\u00e9 sur le c\u0153ur.<\/li>\n<li>Coupe classique.<\/li>\n<\/ul>\n","protected":false},"excerpt":{"rendered":"<h3>Le Perdrix :<\/h3>\n<p>La perdrix impressionne par sa vitesse. Rep\u00e9r\u00e9e, elle d\u00e9colle en un \u00e9clair, ne laissant derri\u00e8re elle que poussi\u00e8re. Elle est aussi tr\u00e8s bonne chanteuse. Sa m\u00e9lodie r\u00e9sonne \u00e0 travers les champs de bl\u00e9.<\/p>\n<p>&nbsp;<\/p>\n<h3>Description :<\/h3>\n<p>T-shirt logo perdrix rouge par Zone300 pour enfants.<\/p>\n<p>Mod\u00e8le unisexe.<\/p>\n<ul>\n<li>Disponible en plusieurs tailles.<\/li>\n<li>100% coton peign\u00e9.<\/li>\n<li>Col rond ras du cou.<\/li>\n<li>Manches courtes.<\/li>\n<li>Imprim\u00e9 sur le c\u0153ur.<\/li>\n<li>Coupe classique.<\/li>\n<\/ul>\n","protected":false},"featured_media":3248,"comment_status":"open","ping_status":"closed","template":"","meta":[],"product_cat":[31],"product_tag":[32,40],"_links":{"self":[{"href":"https:\/\/boutique.zone300.com\/index.php\/wp-json\/wp\/v2\/product\/2912"}],"collection":[{"href":"https:\/\/boutique.zone300.com\/index.php\/wp-json\/wp\/v2\/product"}],"about":[{"href":"https:\/\/boutique.zone300.com\/index.php\/wp-json\/wp\/v2\/types\/product"}],"replies":[{"embeddable":true,"href":"https:\/\/boutique.zone300.com\/index.php\/wp-json\/wp\/v2\/comments?post=2912"}],"wp:featuredmedia":[{"embeddable":true,"href":"https:\/\/boutique.zone300.com\/index.php\/wp-json\/wp\/v2\/media\/3248"}],"wp:attachment":[{"href":"https:\/\/boutique.zone300.com\/index.php\/wp-json\/wp\/v2\/media?parent=2912"}],"wp:term":[{"taxonomy":"product_cat","embeddable":true,"href":"https:\/\/boutique.zone300.com\/index.php\/wp-json\/wp\/v2\/product_cat?post=2912"},{"taxonomy":"product_tag","embeddable":true,"href":"https:\/\/boutique.zone300.com\/index.php\/wp-json\/wp\/v2\/product_tag?post=2912"}],"curies":[{"name":"wp","href":"https:\/\/api.w.org\/{rel}","templated":true}]}}