{"id":3095,"date":"2021-11-26T16:56:00","date_gmt":"2021-11-26T16:56:00","guid":{"rendered":"https:\/\/zone300.wp.aitakes-apps.com\/?post_type=product&amp;p=3095"},"modified":"2021-11-26T16:56:00","modified_gmt":"2021-11-26T16:56:00","slug":"bonnet-brocard-zone300-2","status":"publish","type":"product","link":"https:\/\/boutique.zone300.com\/index.php\/product\/bonnet-brocard-zone300-2\/","title":{"rendered":"Bonnet Chevreuil Zone300"},"content":{"rendered":"<p>Bonnet chevreuil par Zone300.<\/p>\n<p>Taille unique.<\/p>\n<ul>\n<li>Couleur vive et r\u00e9sistante lavage apr\u00e8s lavage.<\/li>\n<li>Toucher doux confortable \u00e0 porter.<\/li>\n<li>\u00c9pouse parfaitement le tour de t\u00eate.<\/li>\n<\/ul>\n<p>72 g. 100% acrylique Soft-Touch, doubl\u00e9, avec revers.<\/p>\n<p>bonnets, bonnet, froid, t\u00eate, t\u00eates, oreilles, oreille, hiver, calot, bob<br \/>\nhomme, femme, masculin, f\u00e9minin, parent, parents, papa, papas, maman, mamans, grand, grande, grands, grandes, adulte, adultes,<br \/>\ngar\u00e7on, gar\u00e7ons, garcon, garcons, fille, filles, petit, petite, petits, petites, jeune, jeunes, enfant, enfants, fils, petit fils, petit-fils, petite-fille, petite fille<\/p>\n","protected":false},"excerpt":{"rendered":"<h3>Le Chevreuil :<\/h3>\n<p>Timide mais tout en \u00e9l\u00e9gance, le petit prince d\u00e9ambule \u00e0 travers les champs. De bond en bond, le chevreuil court \u00e0 la recherche de sa dulcin\u00e9e.<\/p>\n<p>&nbsp;<\/p>\n<h3>Description :<\/h3>\n<p>Bonnet chevreuil par Zone300.<\/p>\n<p>Taille unique.<\/p>\n<ul>\n<li>Couleur vive et r\u00e9sistante lavage apr\u00e8s lavage.<\/li>\n<li>Toucher doux confortable \u00e0 porter.<\/li>\n<li>\u00c9pouse parfaitement le tour de t\u00eate.<\/li>\n<\/ul>\n<p>72 g. 100% acrylique Soft-Touch, doubl\u00e9, avec revers.<\/p>\n","protected":false},"featured_media":3273,"comment_status":"open","ping_status":"closed","template":"","meta":[],"product_cat":[22],"product_tag":[19,26,32],"_links":{"self":[{"href":"https:\/\/boutique.zone300.com\/index.php\/wp-json\/wp\/v2\/product\/3095"}],"collection":[{"href":"https:\/\/boutique.zone300.com\/index.php\/wp-json\/wp\/v2\/product"}],"about":[{"href":"https:\/\/boutique.zone300.com\/index.php\/wp-json\/wp\/v2\/types\/product"}],"replies":[{"embeddable":true,"href":"https:\/\/boutique.zone300.com\/index.php\/wp-json\/wp\/v2\/comments?post=3095"}],"wp:featuredmedia":[{"embeddable":true,"href":"https:\/\/boutique.zone300.com\/index.php\/wp-json\/wp\/v2\/media\/3273"}],"wp:attachment":[{"href":"https:\/\/boutique.zone300.com\/index.php\/wp-json\/wp\/v2\/media?parent=3095"}],"wp:term":[{"taxonomy":"product_cat","embeddable":true,"href":"https:\/\/boutique.zone300.com\/index.php\/wp-json\/wp\/v2\/product_cat?post=3095"},{"taxonomy":"product_tag","embeddable":true,"href":"https:\/\/boutique.zone300.com\/index.php\/wp-json\/wp\/v2\/product_tag?post=3095"}],"curies":[{"name":"wp","href":"https:\/\/api.w.org\/{rel}","templated":true}]}}