{"id":3339,"date":"2021-11-29T14:51:03","date_gmt":"2021-11-29T14:51:03","guid":{"rendered":"https:\/\/zone300.wp.aitakes-apps.com\/?post_type=product&amp;p=3339"},"modified":"2021-11-29T14:51:03","modified_gmt":"2021-11-29T14:51:03","slug":"parka-chevreuil-zone300-adulte-unisexe","status":"publish","type":"product","link":"https:\/\/boutique.zone300.com\/index.php\/product\/parka-chevreuil-zone300-adulte-unisexe\/","title":{"rendered":"Parka Chevreuil Zone300 &#8211; Adulte Unisexe"},"content":{"rendered":"<p>Parka logo chevreuil par Zone300 pour adultes.<\/p>\n<p>Mod\u00e8le unisexe.<\/p>\n<ul>\n<li>\u00c9paisse, fonctionnelle et confortable.<\/li>\n<li>Fermeture zipp\u00e9e avec patte auto-agrippante et pressions invisibles.<\/li>\n<li>2 poches ext\u00e9rieures zipp\u00e9es.<\/li>\n<li>2 poches int\u00e9rieures dont 1 poche pour t\u00e9l\u00e9phone portable.<\/li>\n<li>Capuche dans le col.<\/li>\n<li>Col doubl\u00e9 polaire.<\/li>\n<\/ul>\n<p>parka, parkas, manteau, manteaux, veste, vestes, blouson, blousons, froid, jacket, jackets, veste d&#8217;hiver, hiver, manteau d&#8217;hiver<br \/>\nhomme, femme, masculin, f\u00e9minin, parent, parents, papa, papas, maman, mamans, grand, grande, grands, grandes, adulte, adultes,<\/p>\n","protected":false},"excerpt":{"rendered":"<h3>Le Chevreuil :<\/h3>\n<p>Timide mais tout en \u00e9l\u00e9gance, le petit prince d\u00e9ambule \u00e0 travers les champs. De bond en bond, le chevreuil court \u00e0 la recherche de sa dulcin\u00e9e.<\/p>\n<p>&nbsp;<\/p>\n<h3>Description :<\/h3>\n<p>Parka logo chevreuil par Zone300 pour adultes.<\/p>\n<p>Mod\u00e8le unisexe.<\/p>\n<p>Taille grand, pr\u00e9voir une taille en dessous.<\/p>\n<ul>\n<li>\u00c9paisse, fonctionnelle et confortable.<\/li>\n<li>Fermeture zipp\u00e9e avec patte auto-agrippante et pressions invisibles.<\/li>\n<li>2 poches ext\u00e9rieures zipp\u00e9es.<\/li>\n<li>2 poches int\u00e9rieures dont 1 poche pour t\u00e9l\u00e9phone portable.<\/li>\n<li>Capuche dans le col.<\/li>\n<li>Col doubl\u00e9 polaire.<\/li>\n<\/ul>\n","protected":false},"featured_media":3348,"comment_status":"open","ping_status":"closed","template":"","meta":[],"product_cat":[39],"product_tag":[19,26],"_links":{"self":[{"href":"https:\/\/boutique.zone300.com\/index.php\/wp-json\/wp\/v2\/product\/3339"}],"collection":[{"href":"https:\/\/boutique.zone300.com\/index.php\/wp-json\/wp\/v2\/product"}],"about":[{"href":"https:\/\/boutique.zone300.com\/index.php\/wp-json\/wp\/v2\/types\/product"}],"replies":[{"embeddable":true,"href":"https:\/\/boutique.zone300.com\/index.php\/wp-json\/wp\/v2\/comments?post=3339"}],"wp:featuredmedia":[{"embeddable":true,"href":"https:\/\/boutique.zone300.com\/index.php\/wp-json\/wp\/v2\/media\/3348"}],"wp:attachment":[{"href":"https:\/\/boutique.zone300.com\/index.php\/wp-json\/wp\/v2\/media?parent=3339"}],"wp:term":[{"taxonomy":"product_cat","embeddable":true,"href":"https:\/\/boutique.zone300.com\/index.php\/wp-json\/wp\/v2\/product_cat?post=3339"},{"taxonomy":"product_tag","embeddable":true,"href":"https:\/\/boutique.zone300.com\/index.php\/wp-json\/wp\/v2\/product_tag?post=3339"}],"curies":[{"name":"wp","href":"https:\/\/api.w.org\/{rel}","templated":true}]}}