{"id":3351,"date":"2021-11-29T14:56:23","date_gmt":"2021-11-29T14:56:23","guid":{"rendered":"https:\/\/zone300.wp.aitakes-apps.com\/?post_type=product&amp;p=3351"},"modified":"2021-11-29T14:56:23","modified_gmt":"2021-11-29T14:56:23","slug":"parka-becasse-des-bois-zone300-enfant-unisexe","status":"publish","type":"product","link":"https:\/\/boutique.zone300.com\/index.php\/product\/parka-becasse-des-bois-zone300-enfant-unisexe\/","title":{"rendered":"Parka B\u00e9casse Des Bois Zone300 &#8211; Enfant Unisexe"},"content":{"rendered":"<p>Parka logo b\u00e9casse des bois par Zone300 pour enfants.<\/p>\n<p>Mod\u00e8le unisexe.<\/p>\n<ul>\n<li>\u00c9paisse, fonctionnelle et confortable.<\/li>\n<li>Fermeture zipp\u00e9e avec patte auto-agrippante et pressions invisibles.<\/li>\n<li>2 poches ext\u00e9rieures zipp\u00e9es.<\/li>\n<li>2 poches int\u00e9rieures dont 1 poche pour t\u00e9l\u00e9phone portable.<\/li>\n<li>Capuche dans le col.<\/li>\n<li>Col doubl\u00e9 polaire.<\/li>\n<\/ul>\n<p>parka, parkas, manteau, manteaux, veste, vestes, blouson, blousons, froid, jacket, jackets, veste d&#8217;hiver, hiver, manteau d&#8217;hiver<br \/>\ngar\u00e7on, gar\u00e7ons, garcon, garcons, fille, filles, petit, petite, petits, petites, jeune, jeunes, enfant, enfants, fils, petit fils, petit-fils, petite-fille, petite fille<\/p>\n","protected":false},"excerpt":{"rendered":"<h3>La b\u00e9casse des bois :<\/h3>\n<p>Silencieuse et magnifique, elle se fond dans le feuillage gr\u00e2ce \u00e0 un trompe l&#8217;\u0153il des plus efficaces. Refl\u00e9tant la v\u00e9g\u00e9tation d\u2019automne, elle passe inaper\u00e7ue.<br \/>\nC\u2019est la b\u00e9casse, reine des bois<\/p>\n<p>&nbsp;<\/p>\n<h3>Description :<\/h3>\n<p>Parka logo b\u00e9casse des bois par Zone300 pour enfants.<\/p>\n<p>Mod\u00e8le unisexe.<\/p>\n<ul>\n<li>\u00c9paisse, fonctionnelle et confortable.<\/li>\n<li>Fermeture zipp\u00e9e avec patte auto-agrippante et pressions invisibles.<\/li>\n<li>2 poches ext\u00e9rieures zipp\u00e9es.<\/li>\n<li>2 poches int\u00e9rieures dont 1 poche pour t\u00e9l\u00e9phone portable.<\/li>\n<li>Capuche dans le col.<\/li>\n<li>Col doubl\u00e9 polaire.<\/li>\n<\/ul>\n","protected":false},"featured_media":3224,"comment_status":"open","ping_status":"closed","template":"","meta":[],"product_cat":[31],"product_tag":[21,32],"_links":{"self":[{"href":"https:\/\/boutique.zone300.com\/index.php\/wp-json\/wp\/v2\/product\/3351"}],"collection":[{"href":"https:\/\/boutique.zone300.com\/index.php\/wp-json\/wp\/v2\/product"}],"about":[{"href":"https:\/\/boutique.zone300.com\/index.php\/wp-json\/wp\/v2\/types\/product"}],"replies":[{"embeddable":true,"href":"https:\/\/boutique.zone300.com\/index.php\/wp-json\/wp\/v2\/comments?post=3351"}],"wp:featuredmedia":[{"embeddable":true,"href":"https:\/\/boutique.zone300.com\/index.php\/wp-json\/wp\/v2\/media\/3224"}],"wp:attachment":[{"href":"https:\/\/boutique.zone300.com\/index.php\/wp-json\/wp\/v2\/media?parent=3351"}],"wp:term":[{"taxonomy":"product_cat","embeddable":true,"href":"https:\/\/boutique.zone300.com\/index.php\/wp-json\/wp\/v2\/product_cat?post=3351"},{"taxonomy":"product_tag","embeddable":true,"href":"https:\/\/boutique.zone300.com\/index.php\/wp-json\/wp\/v2\/product_tag?post=3351"}],"curies":[{"name":"wp","href":"https:\/\/api.w.org\/{rel}","templated":true}]}}