{"id":3356,"date":"2021-11-29T14:56:31","date_gmt":"2021-11-29T14:56:31","guid":{"rendered":"https:\/\/zone300.wp.aitakes-apps.com\/?post_type=product&amp;p=3356"},"modified":"2024-02-29T08:43:05","modified_gmt":"2024-02-29T07:43:05","slug":"parka-cerf-zone300-enfant-unisexe","status":"publish","type":"product","link":"https:\/\/boutique.zone300.com\/index.php\/product\/parka-cerf-zone300-enfant-unisexe\/","title":{"rendered":"Parka Cerf Zone300 &#8211; Enfant Unisexe"},"content":{"rendered":"<p>Parka logo cerf par Zone300 pour enfants.<\/p>\n<p>Mod\u00e8le unisexe.<\/p>\n<ul>\n<li>\u00c9paisse, fonctionnelle et confortable.<\/li>\n<li>Fermeture zipp\u00e9e avec patte auto-agrippante et pressions invisibles.<\/li>\n<li>2 poches ext\u00e9rieures zipp\u00e9es.<\/li>\n<li>2 poches int\u00e9rieures dont 1 poche pour t\u00e9l\u00e9phone portable.<\/li>\n<li>Capuche dans le col.<\/li>\n<li>Col doubl\u00e9 polaire.<\/li>\n<\/ul>\n<p>parka, parkas, manteau, manteaux, veste, vestes, blouson, blousons, froid, jacket, jackets, veste d&#8217;hiver, hiver, manteau d&#8217;hiver<br \/>\ngar\u00e7on, gar\u00e7ons, garcon, garcons, fille, filles, petit, petite, petits, petites, jeune, jeunes, enfant, enfants, fils, petit fils, petit-fils, petite-fille, petite fille<\/p>\n","protected":false},"excerpt":{"rendered":"<h3>Le Cerf :<\/h3>\n<p>De son brame, tous ses sujets se prosternent face \u00e0 lui. Le grand cerf parade avec sa couronne faite de bois. Des for\u00eats, il en est le roi.<\/p>\n<p>&nbsp;<\/p>\n<h3>Description :<\/h3>\n<p>Parka logo cerf par Zone300 pour enfants.<\/p>\n<p>Mod\u00e8le unisexe.<\/p>\n<ul>\n<li>\u00c9paisse, fonctionnelle et confortable.<\/li>\n<li>Fermeture zipp\u00e9e avec patte auto-agrippante et pressions invisibles.<\/li>\n<li>2 poches ext\u00e9rieures zipp\u00e9es.<\/li>\n<li>2 poches int\u00e9rieures dont 1 poche pour t\u00e9l\u00e9phone portable.<\/li>\n<li>Capuche dans le col.<\/li>\n<li>Col doubl\u00e9 polaire.<\/li>\n<\/ul>\n","protected":false},"featured_media":3669,"comment_status":"open","ping_status":"closed","template":"","meta":[],"product_cat":[31],"product_tag":[25,32],"_links":{"self":[{"href":"https:\/\/boutique.zone300.com\/index.php\/wp-json\/wp\/v2\/product\/3356"}],"collection":[{"href":"https:\/\/boutique.zone300.com\/index.php\/wp-json\/wp\/v2\/product"}],"about":[{"href":"https:\/\/boutique.zone300.com\/index.php\/wp-json\/wp\/v2\/types\/product"}],"replies":[{"embeddable":true,"href":"https:\/\/boutique.zone300.com\/index.php\/wp-json\/wp\/v2\/comments?post=3356"}],"wp:featuredmedia":[{"embeddable":true,"href":"https:\/\/boutique.zone300.com\/index.php\/wp-json\/wp\/v2\/media\/3669"}],"wp:attachment":[{"href":"https:\/\/boutique.zone300.com\/index.php\/wp-json\/wp\/v2\/media?parent=3356"}],"wp:term":[{"taxonomy":"product_cat","embeddable":true,"href":"https:\/\/boutique.zone300.com\/index.php\/wp-json\/wp\/v2\/product_cat?post=3356"},{"taxonomy":"product_tag","embeddable":true,"href":"https:\/\/boutique.zone300.com\/index.php\/wp-json\/wp\/v2\/product_tag?post=3356"}],"curies":[{"name":"wp","href":"https:\/\/api.w.org\/{rel}","templated":true}]}}