{"id":3413,"date":"2021-11-29T15:53:57","date_gmt":"2021-11-29T15:53:57","guid":{"rendered":"https:\/\/zone300.wp.aitakes-apps.com\/?post_type=product&amp;p=3413"},"modified":"2021-11-29T15:53:57","modified_gmt":"2021-11-29T15:53:57","slug":"sweatshirt-a-capuche-becasse-des-bois-zone300-enfant-unisexe","status":"publish","type":"product","link":"https:\/\/boutique.zone300.com\/index.php\/product\/sweatshirt-a-capuche-becasse-des-bois-zone300-enfant-unisexe\/","title":{"rendered":"Sweatshirt \u00e0 Capuche B\u00e9casse Des Bois Zone300 &#8211; Enfant Unisexe"},"content":{"rendered":"<p>Sweatshirt \u00e0 capuche b\u00e9casse des bois par Zone300 pour enfants.<\/p>\n<ul>\n<li>Excellente tenue dans le temps.<\/li>\n<li>Doux et confortable \u00e0 porter.<\/li>\n<li>Mod\u00e8le unisexe.<\/li>\n<\/ul>\n<p>50% coton \/ 50% polyester. Molleton gratt\u00e9. Bord inf\u00e9rieur et poignets en c\u00f4te \u00e9lasthanne 1&#215;1. Double surpiq\u00fbres \u00e0 cheval au niveau des emmanchures.<br \/>\nPoche kangourou. Capuche \u00e0 deux pans avec cordon ton sur ton en forme de tube. Manches mont\u00e9es. Coutures lat\u00e9rales.<\/p>\n<p>sweatshirt, sweatshirts, sweat-shirt, sweat-shirts, sweat shirt, sweat, sweats, pull \u00e0 capuche, pulls \u00e0 capuche, sweat \u00e0 capuche, sweats \u00e0 capuche,<br \/>\ngar\u00e7on, gar\u00e7ons, garcon, garcons, fille, filles, petit, petite, petits, petites, jeune, jeunes, enfant, enfants, fils, petit fils, petit-fils, petite-fille, petite fille<\/p>\n","protected":false},"excerpt":{"rendered":"<h3>La b\u00e9casse des bois :<\/h3>\n<p>Silencieuse et magnifique, elle se fond dans le feuillage gr\u00e2ce \u00e0 un trompe l&#8217;\u0153il des plus efficaces. Refl\u00e9tant la v\u00e9g\u00e9tation d\u2019automne, elle passe inaper\u00e7ue.<br \/>\nC\u2019est la b\u00e9casse, reine des bois<\/p>\n<p>&nbsp;<\/p>\n<h3>Description :<\/h3>\n<p>Sweatshirt \u00e0 capuche b\u00e9casse des bois par Zone300 pour enfants.<\/p>\n<ul>\n<li>Excellente tenue dans le temps.<\/li>\n<li>Doux et confortable \u00e0 porter.<\/li>\n<li>Mod\u00e8le unisexe.<\/li>\n<\/ul>\n<p>50% coton \/ 50% polyester. Molleton gratt\u00e9. Bord inf\u00e9rieur et poignets en c\u00f4te \u00e9lasthanne 1&#215;1. Double surpiq\u00fbres \u00e0 cheval au niveau des emmanchures.<br \/>\nPoche kangourou. Capuche \u00e0 deux pans avec cordon ton sur ton en forme de tube. Manches mont\u00e9es. Coutures lat\u00e9rales.<\/p>\n","protected":false},"featured_media":3766,"comment_status":"open","ping_status":"closed","template":"","meta":[],"product_cat":[31],"product_tag":[21,32],"_links":{"self":[{"href":"https:\/\/boutique.zone300.com\/index.php\/wp-json\/wp\/v2\/product\/3413"}],"collection":[{"href":"https:\/\/boutique.zone300.com\/index.php\/wp-json\/wp\/v2\/product"}],"about":[{"href":"https:\/\/boutique.zone300.com\/index.php\/wp-json\/wp\/v2\/types\/product"}],"replies":[{"embeddable":true,"href":"https:\/\/boutique.zone300.com\/index.php\/wp-json\/wp\/v2\/comments?post=3413"}],"wp:featuredmedia":[{"embeddable":true,"href":"https:\/\/boutique.zone300.com\/index.php\/wp-json\/wp\/v2\/media\/3766"}],"wp:attachment":[{"href":"https:\/\/boutique.zone300.com\/index.php\/wp-json\/wp\/v2\/media?parent=3413"}],"wp:term":[{"taxonomy":"product_cat","embeddable":true,"href":"https:\/\/boutique.zone300.com\/index.php\/wp-json\/wp\/v2\/product_cat?post=3413"},{"taxonomy":"product_tag","embeddable":true,"href":"https:\/\/boutique.zone300.com\/index.php\/wp-json\/wp\/v2\/product_tag?post=3413"}],"curies":[{"name":"wp","href":"https:\/\/api.w.org\/{rel}","templated":true}]}}