{"id":3860,"date":"2021-12-03T10:42:51","date_gmt":"2021-12-03T10:42:51","guid":{"rendered":"https:\/\/boutique.zone300.com\/?post_type=product&amp;p=3860"},"modified":"2021-12-03T10:42:51","modified_gmt":"2021-12-03T10:42:51","slug":"coupe-vent-becasse-des-bois-zone300-enfant-unisexe","status":"publish","type":"product","link":"https:\/\/boutique.zone300.com\/index.php\/product\/coupe-vent-becasse-des-bois-zone300-enfant-unisexe\/","title":{"rendered":"Coupe Vent B\u00e9casse Des Bois Zone300 &#8211; Enfant Unisexe"},"content":{"rendered":"<p>Coupe vent logo b\u00e9casse des bois par Zone300 pour enfants.<\/p>\n<p>Mod\u00e8le unisexe.<\/p>\n<ul>\n<li>Coupe-vent, d\u00e9perlant et r\u00e9sistant aux averses<\/li>\n<li>Capuche temp\u00eate ajustable, int\u00e9gr\u00e9e dans le col.<\/li>\n<\/ul>\n<p>100% nylon Taffetas. Ouverture int\u00e9grale par fermeture \u00e9clair avec curseur.<br \/>\nCapuche int\u00e9gr\u00e9e dans le col.<\/p>\n<p>coupe vent, coupe-vent, veste coupe vent, veste coupe-vent, vent, imperm\u00e9able, imperm\u00e9ables,<br \/>\ngar\u00e7on, gar\u00e7ons, garcon, garcons, fille, filles, petit, petite, petits, petites, jeune, jeunes, enfant, enfants, fils, petit fils, petit-fils, petite-fille, petite fille<\/p>\n","protected":false},"excerpt":{"rendered":"<h3>La b\u00e9casse des bois :<\/h3>\n<p>Silencieuse et magnifique, elle se fond dans le feuillage gr\u00e2ce \u00e0 un trompe l&#8217;\u0153il des plus efficaces. Refl\u00e9tant la v\u00e9g\u00e9tation d\u2019automne, elle passe inaper\u00e7ue.<br \/>\nC\u2019est la b\u00e9casse, reine des bois<\/p>\n<p>&nbsp;<\/p>\n<h3>Description :<\/h3>\n<p>Coupe vent logo b\u00e9casse des bois par Zone300 pour enfants.<\/p>\n<p>Mod\u00e8le unisexe.<\/p>\n<ul>\n<li>Coupe-vent, d\u00e9perlant et r\u00e9sistant aux averses<\/li>\n<li>Capuche temp\u00eate ajustable, int\u00e9gr\u00e9e dans le col.<\/li>\n<\/ul>\n<p>100% nylon Taffetas. Ouverture int\u00e9grale par fermeture \u00e9clair avec curseur.<br \/>\nCapuche int\u00e9gr\u00e9e dans le col.<\/p>\n","protected":false},"featured_media":3866,"comment_status":"open","ping_status":"closed","template":"","meta":[],"product_cat":[31],"product_tag":[21,32],"_links":{"self":[{"href":"https:\/\/boutique.zone300.com\/index.php\/wp-json\/wp\/v2\/product\/3860"}],"collection":[{"href":"https:\/\/boutique.zone300.com\/index.php\/wp-json\/wp\/v2\/product"}],"about":[{"href":"https:\/\/boutique.zone300.com\/index.php\/wp-json\/wp\/v2\/types\/product"}],"replies":[{"embeddable":true,"href":"https:\/\/boutique.zone300.com\/index.php\/wp-json\/wp\/v2\/comments?post=3860"}],"wp:featuredmedia":[{"embeddable":true,"href":"https:\/\/boutique.zone300.com\/index.php\/wp-json\/wp\/v2\/media\/3866"}],"wp:attachment":[{"href":"https:\/\/boutique.zone300.com\/index.php\/wp-json\/wp\/v2\/media?parent=3860"}],"wp:term":[{"taxonomy":"product_cat","embeddable":true,"href":"https:\/\/boutique.zone300.com\/index.php\/wp-json\/wp\/v2\/product_cat?post=3860"},{"taxonomy":"product_tag","embeddable":true,"href":"https:\/\/boutique.zone300.com\/index.php\/wp-json\/wp\/v2\/product_tag?post=3860"}],"curies":[{"name":"wp","href":"https:\/\/api.w.org\/{rel}","templated":true}]}}