{"id":3876,"date":"2021-12-03T10:49:13","date_gmt":"2021-12-03T10:49:13","guid":{"rendered":"https:\/\/boutique.zone300.com\/?post_type=product&amp;p=3876"},"modified":"2021-12-03T10:49:13","modified_gmt":"2021-12-03T10:49:13","slug":"sweatshirt-a-col-rond-cerf-zone300-enfant-unisexe","status":"publish","type":"product","link":"https:\/\/boutique.zone300.com\/index.php\/product\/sweatshirt-a-col-rond-cerf-zone300-enfant-unisexe\/","title":{"rendered":"Sweatshirt \u00e0 Col Rond Cerf Zone300 &#8211; Enfant Unisexe"},"content":{"rendered":"<p>Sweatshirt \u00e0 col rond Cerf par Zone300 pour enfants.<\/p>\n<p>Mod\u00e8le unisexe.<\/p>\n<ul>\n<li>En molleton gratt\u00e9 pour un confort optimal.<\/li>\n<li>Id\u00e9al pour un porter quotidien et d\u00e9contract\u00e9.<\/li>\n<\/ul>\n<p>80% coton \/ 20% polyester. Molleton gratt\u00e9. Manches mont\u00e9es.<\/p>\n","protected":false},"excerpt":{"rendered":"<h3>Le Cerf:<\/h3>\n<p>De son brame, tous ses sujets se prosternent face \u00e0 lui. Le grand cerf parade avec sa couronne faite de bois. Des for\u00eats, il en est le roi.<\/p>\n<p>&nbsp;<\/p>\n<h3>Description :<\/h3>\n<p>Sweatshirt \u00e0 col rond cerf par Zone300 pour enfants.<\/p>\n<p>Mod\u00e8le unisexe.<\/p>\n<ul>\n<li>En molleton gratt\u00e9 pour un confort optimal.<\/li>\n<li>Id\u00e9al pour un porter quotidien et d\u00e9contract\u00e9.<\/li>\n<\/ul>\n<p>80% coton \/ 20% polyester. Molleton gratt\u00e9. Manches mont\u00e9es.<\/p>\n","protected":false},"featured_media":3882,"comment_status":"open","ping_status":"closed","template":"","meta":[],"product_cat":[31],"product_tag":[25,32],"_links":{"self":[{"href":"https:\/\/boutique.zone300.com\/index.php\/wp-json\/wp\/v2\/product\/3876"}],"collection":[{"href":"https:\/\/boutique.zone300.com\/index.php\/wp-json\/wp\/v2\/product"}],"about":[{"href":"https:\/\/boutique.zone300.com\/index.php\/wp-json\/wp\/v2\/types\/product"}],"replies":[{"embeddable":true,"href":"https:\/\/boutique.zone300.com\/index.php\/wp-json\/wp\/v2\/comments?post=3876"}],"wp:featuredmedia":[{"embeddable":true,"href":"https:\/\/boutique.zone300.com\/index.php\/wp-json\/wp\/v2\/media\/3882"}],"wp:attachment":[{"href":"https:\/\/boutique.zone300.com\/index.php\/wp-json\/wp\/v2\/media?parent=3876"}],"wp:term":[{"taxonomy":"product_cat","embeddable":true,"href":"https:\/\/boutique.zone300.com\/index.php\/wp-json\/wp\/v2\/product_cat?post=3876"},{"taxonomy":"product_tag","embeddable":true,"href":"https:\/\/boutique.zone300.com\/index.php\/wp-json\/wp\/v2\/product_tag?post=3876"}],"curies":[{"name":"wp","href":"https:\/\/api.w.org\/{rel}","templated":true}]}}