{"id":3914,"date":"2021-12-03T11:04:33","date_gmt":"2021-12-03T11:04:33","guid":{"rendered":"https:\/\/boutique.zone300.com\/?post_type=product&amp;p=3914"},"modified":"2021-12-03T11:04:33","modified_gmt":"2021-12-03T11:04:33","slug":"sweatshirt-a-col-rond-chevreuil-zone300-enfant-unisexe","status":"publish","type":"product","link":"https:\/\/boutique.zone300.com\/index.php\/product\/sweatshirt-a-col-rond-chevreuil-zone300-enfant-unisexe\/","title":{"rendered":"Sweatshirt \u00e0 Col Rond Chevreuil Zone300 &#8211; Enfant Unisexe"},"content":{"rendered":"<p>Sweatshirt \u00e0 col rond chevreuil par Zone300 pour enfants.<\/p>\n<p>Mod\u00e8le unisexe.<\/p>\n<ul>\n<li>En molleton gratt\u00e9 pour un confort optimal.<\/li>\n<li>Id\u00e9al pour un porter quotidien et d\u00e9contract\u00e9.<\/li>\n<\/ul>\n<p>80% coton \/ 20% polyester. Molleton gratt\u00e9. Manches mont\u00e9es.<\/p>\n<p>pull, pull-over, pull over, pullover, col rond, tricot, gillet, polo, polos, pulls<br \/>\ngar\u00e7on, gar\u00e7ons, garcon, garcons, fille, filles, petit, petite, petits, petites, jeune, jeunes, enfant, enfants, fils, petit fils, petit-fils, petite-fille, petite fille<\/p>\n","protected":false},"excerpt":{"rendered":"<h3>Le Chevreuil :<\/h3>\n<p>Timide mais tout en \u00e9l\u00e9gance, le petit prince d\u00e9ambule \u00e0 travers les champs. De bond en bond, le chevreuil court \u00e0 la recherche de sa dulcin\u00e9e.<\/p>\n<p>&nbsp;<\/p>\n<h3>Description :<\/h3>\n<p>Sweatshirt \u00e0 col rond chevreuil par Zone300 pour enfants.<\/p>\n<p>Mod\u00e8le unisexe.<\/p>\n<ul>\n<li>En molleton gratt\u00e9 pour un confort optimal.<\/li>\n<li>Id\u00e9al pour un porter quotidien et d\u00e9contract\u00e9.<\/li>\n<\/ul>\n<p>80% coton \/ 20% polyester. Molleton gratt\u00e9. Manches mont\u00e9es.<\/p>\n","protected":false},"featured_media":3920,"comment_status":"open","ping_status":"closed","template":"","meta":[],"product_cat":[31],"product_tag":[26,32],"_links":{"self":[{"href":"https:\/\/boutique.zone300.com\/index.php\/wp-json\/wp\/v2\/product\/3914"}],"collection":[{"href":"https:\/\/boutique.zone300.com\/index.php\/wp-json\/wp\/v2\/product"}],"about":[{"href":"https:\/\/boutique.zone300.com\/index.php\/wp-json\/wp\/v2\/types\/product"}],"replies":[{"embeddable":true,"href":"https:\/\/boutique.zone300.com\/index.php\/wp-json\/wp\/v2\/comments?post=3914"}],"wp:featuredmedia":[{"embeddable":true,"href":"https:\/\/boutique.zone300.com\/index.php\/wp-json\/wp\/v2\/media\/3920"}],"wp:attachment":[{"href":"https:\/\/boutique.zone300.com\/index.php\/wp-json\/wp\/v2\/media?parent=3914"}],"wp:term":[{"taxonomy":"product_cat","embeddable":true,"href":"https:\/\/boutique.zone300.com\/index.php\/wp-json\/wp\/v2\/product_cat?post=3914"},{"taxonomy":"product_tag","embeddable":true,"href":"https:\/\/boutique.zone300.com\/index.php\/wp-json\/wp\/v2\/product_tag?post=3914"}],"curies":[{"name":"wp","href":"https:\/\/api.w.org\/{rel}","templated":true}]}}