{"id":3929,"date":"2021-12-03T11:10:42","date_gmt":"2021-12-03T11:10:42","guid":{"rendered":"https:\/\/boutique.zone300.com\/?post_type=product&amp;p=3929"},"modified":"2021-12-03T11:10:42","modified_gmt":"2021-12-03T11:10:42","slug":"coupe-vent-chevreuil-zone300-enfant-unisexe-2","status":"publish","type":"product","link":"https:\/\/boutique.zone300.com\/index.php\/product\/coupe-vent-chevreuil-zone300-enfant-unisexe-2\/","title":{"rendered":"Coupe Vent Chevreuil Zone300 &#8211; Enfant Unisexe"},"content":{"rendered":"<p>Coupe vent logo chevreuil par Zone300 pour enfants.<\/p>\n<p>Mod\u00e8le unisexe.<\/p>\n<ul>\n<li>Coupe-vent, d\u00e9perlant et r\u00e9sistant aux averses<\/li>\n<li>Capuche temp\u00eate ajustable, int\u00e9gr\u00e9e dans le col.<\/li>\n<\/ul>\n<p>100% nylon Taffetas. Ouverture int\u00e9grale par fermeture \u00e9clair avec curseur.<br \/>\nCapuche int\u00e9gr\u00e9e dans le col.<\/p>\n<p>coupe vent, coupe-vent, veste coupe vent, veste coupe-vent, vent, imperm\u00e9able, imperm\u00e9ables,<br \/>\ngar\u00e7on, gar\u00e7ons, garcon, garcons, fille, filles, petit, petite, petits, petites, jeune, jeunes, enfant, enfants, fils, petit fils, petit-fils, petite-fille, petite fille<\/p>\n","protected":false},"excerpt":{"rendered":"<h3>Le Chevreuil :<\/h3>\n<p>Timide mais tout en \u00e9l\u00e9gance, le petit prince d\u00e9ambule \u00e0 travers les champs. De bond en bond, le chevreuil court \u00e0 la recherche de sa dulcin\u00e9e.<\/p>\n<p>&nbsp;<\/p>\n<h3>Description :<\/h3>\n<p>Coupe vent logo chevreuil par Zone300 pour enfants.<\/p>\n<p>Mod\u00e8le unisexe.<\/p>\n<ul>\n<li>Coupe-vent, d\u00e9perlant et r\u00e9sistant aux averses<\/li>\n<li>Capuche temp\u00eate ajustable, int\u00e9gr\u00e9e dans le col.<\/li>\n<\/ul>\n<p>100% nylon Taffetas. Ouverture int\u00e9grale par fermeture \u00e9clair avec curseur.<br \/>\nCapuche int\u00e9gr\u00e9e dans le col.<\/p>\n<ul>\n<li>Col doubl\u00e9 polaire.<\/li>\n<\/ul>\n","protected":false},"featured_media":3935,"comment_status":"open","ping_status":"closed","template":"","meta":[],"product_cat":[31],"product_tag":[26,32],"_links":{"self":[{"href":"https:\/\/boutique.zone300.com\/index.php\/wp-json\/wp\/v2\/product\/3929"}],"collection":[{"href":"https:\/\/boutique.zone300.com\/index.php\/wp-json\/wp\/v2\/product"}],"about":[{"href":"https:\/\/boutique.zone300.com\/index.php\/wp-json\/wp\/v2\/types\/product"}],"replies":[{"embeddable":true,"href":"https:\/\/boutique.zone300.com\/index.php\/wp-json\/wp\/v2\/comments?post=3929"}],"wp:featuredmedia":[{"embeddable":true,"href":"https:\/\/boutique.zone300.com\/index.php\/wp-json\/wp\/v2\/media\/3935"}],"wp:attachment":[{"href":"https:\/\/boutique.zone300.com\/index.php\/wp-json\/wp\/v2\/media?parent=3929"}],"wp:term":[{"taxonomy":"product_cat","embeddable":true,"href":"https:\/\/boutique.zone300.com\/index.php\/wp-json\/wp\/v2\/product_cat?post=3929"},{"taxonomy":"product_tag","embeddable":true,"href":"https:\/\/boutique.zone300.com\/index.php\/wp-json\/wp\/v2\/product_tag?post=3929"}],"curies":[{"name":"wp","href":"https:\/\/api.w.org\/{rel}","templated":true}]}}