{"id":3962,"date":"2021-12-03T11:21:24","date_gmt":"2021-12-03T11:21:24","guid":{"rendered":"https:\/\/boutique.zone300.com\/?post_type=product&amp;p=3962"},"modified":"2024-08-09T14:26:36","modified_gmt":"2024-08-09T12:26:36","slug":"coupe-vent-chien-zone300-enfant-unisexe","status":"publish","type":"product","link":"https:\/\/boutique.zone300.com\/index.php\/product\/coupe-vent-chien-zone300-enfant-unisexe\/","title":{"rendered":"Coupe Vent Chien Zone300 &#8211; Enfant Unisexe"},"content":{"rendered":"<p>Coupe vent logo chien par Zone300 pour enfants.<\/p>\n<p>Mod\u00e8le unisexe.<\/p>\n<ul>\n<li>Coupe-vent, d\u00e9perlant et r\u00e9sistant aux averses<\/li>\n<li>Capuche temp\u00eate ajustable, int\u00e9gr\u00e9e dans le col.<\/li>\n<\/ul>\n<p>100% nylon Taffetas. Ouverture int\u00e9grale par fermeture \u00e9clair avec curseur.<br \/>\nCapuche int\u00e9gr\u00e9e dans le col.<\/p>\n<p>coupe vent, coupe-vent, veste coupe vent, veste coupe-vent, vent, imperm\u00e9able, imperm\u00e9ables,<br \/>\ngar\u00e7on, gar\u00e7ons, garcon, garcons, fille, filles, petit, petite, petits, petites, jeune, jeunes, enfant, enfants, fils, petit fils, petit-fils, petite-fille, petite fille<\/p>\n","protected":false},"excerpt":{"rendered":"<p>Coupe vent logo chien par Zone300 pour enfants.<\/p>\n<p>Mod\u00e8le unisexe.<\/p>\n<ul>\n<li>Coupe-vent, d\u00e9perlant et r\u00e9sistant aux averses<\/li>\n<li>Capuche temp\u00eate ajustable, int\u00e9gr\u00e9e dans le col.<\/li>\n<\/ul>\n<p>100% nylon Taffetas. Ouverture int\u00e9grale par fermeture \u00e9clair avec curseur.<br \/>\nCapuche int\u00e9gr\u00e9e dans le col.<\/p>\n<ul>\n<li>Col doubl\u00e9 polaire.<\/li>\n<\/ul>\n","protected":false},"featured_media":3968,"comment_status":"open","ping_status":"closed","template":"","meta":[],"product_cat":[31],"product_tag":[27,32],"_links":{"self":[{"href":"https:\/\/boutique.zone300.com\/index.php\/wp-json\/wp\/v2\/product\/3962"}],"collection":[{"href":"https:\/\/boutique.zone300.com\/index.php\/wp-json\/wp\/v2\/product"}],"about":[{"href":"https:\/\/boutique.zone300.com\/index.php\/wp-json\/wp\/v2\/types\/product"}],"replies":[{"embeddable":true,"href":"https:\/\/boutique.zone300.com\/index.php\/wp-json\/wp\/v2\/comments?post=3962"}],"wp:featuredmedia":[{"embeddable":true,"href":"https:\/\/boutique.zone300.com\/index.php\/wp-json\/wp\/v2\/media\/3968"}],"wp:attachment":[{"href":"https:\/\/boutique.zone300.com\/index.php\/wp-json\/wp\/v2\/media?parent=3962"}],"wp:term":[{"taxonomy":"product_cat","embeddable":true,"href":"https:\/\/boutique.zone300.com\/index.php\/wp-json\/wp\/v2\/product_cat?post=3962"},{"taxonomy":"product_tag","embeddable":true,"href":"https:\/\/boutique.zone300.com\/index.php\/wp-json\/wp\/v2\/product_tag?post=3962"}],"curies":[{"name":"wp","href":"https:\/\/api.w.org\/{rel}","templated":true}]}}