{"id":3999,"date":"2021-12-03T13:21:10","date_gmt":"2021-12-03T13:21:10","guid":{"rendered":"https:\/\/boutique.zone300.com\/?post_type=product&amp;p=3999"},"modified":"2024-07-08T15:44:28","modified_gmt":"2024-07-08T13:44:28","slug":"sweatshirt-a-col-rond-perdrix-zone300-enfant-unisexe","status":"publish","type":"product","link":"https:\/\/boutique.zone300.com\/index.php\/product\/sweatshirt-a-col-rond-perdrix-zone300-enfant-unisexe\/","title":{"rendered":"Sweatshirt \u00e0 Col Rond Perdrix Zone300 &#8211; Enfant Unisexe"},"content":{"rendered":"<p>Sweatshirt \u00e0 col rond perdrix par Zone300 pour enfants.<\/p>\n<p>Mod\u00e8le unisexe.<\/p>\n<ul>\n<li>En molleton gratt\u00e9 pour un confort optimal.<\/li>\n<li>Id\u00e9al pour un porter quotidien et d\u00e9contract\u00e9.<\/li>\n<\/ul>\n<p>80% coton \/ 20% polyester. Molleton gratt\u00e9. Manches mont\u00e9es.<\/p>\n<p>pull, pull-over, pull over, pullover, col rond, tricot, gillet, polo, polos, pulls<br \/>\ngar\u00e7on, gar\u00e7ons, garcon, garcons, fille, filles, petit, petite, petits, petites, jeune, jeunes, enfant, enfants, fils, petit fils, petit-fils, petite-fille, petite fille<\/p>\n","protected":false},"excerpt":{"rendered":"<h3>Le Perdrix :<\/h3>\n<p>La perdrix impressionne par sa vitesse. Rep\u00e9r\u00e9e, elle d\u00e9colle en un \u00e9clair, ne laissant derri\u00e8re elle que poussi\u00e8re. Elle est aussi tr\u00e8s bonne chanteuse. Sa m\u00e9lodie r\u00e9sonne \u00e0 travers les champs de bl\u00e9.<\/p>\n<p>&nbsp;<\/p>\n<h3>Description :<\/h3>\n<p>Sweatshirt \u00e0 col rond perdrix par Zone300 pour enfants.<\/p>\n<p>Mod\u00e8le unisexe.<\/p>\n<ul>\n<li>En molleton gratt\u00e9 pour un confort optimal.<\/li>\n<li>Id\u00e9al pour un porter quotidien et d\u00e9contract\u00e9.<\/li>\n<\/ul>\n<p>80% coton \/ 20% polyester. Molleton gratt\u00e9. Manches mont\u00e9es.<\/p>\n","protected":false},"featured_media":4005,"comment_status":"open","ping_status":"closed","template":"","meta":[],"product_cat":[31],"product_tag":[32,40],"_links":{"self":[{"href":"https:\/\/boutique.zone300.com\/index.php\/wp-json\/wp\/v2\/product\/3999"}],"collection":[{"href":"https:\/\/boutique.zone300.com\/index.php\/wp-json\/wp\/v2\/product"}],"about":[{"href":"https:\/\/boutique.zone300.com\/index.php\/wp-json\/wp\/v2\/types\/product"}],"replies":[{"embeddable":true,"href":"https:\/\/boutique.zone300.com\/index.php\/wp-json\/wp\/v2\/comments?post=3999"}],"wp:featuredmedia":[{"embeddable":true,"href":"https:\/\/boutique.zone300.com\/index.php\/wp-json\/wp\/v2\/media\/4005"}],"wp:attachment":[{"href":"https:\/\/boutique.zone300.com\/index.php\/wp-json\/wp\/v2\/media?parent=3999"}],"wp:term":[{"taxonomy":"product_cat","embeddable":true,"href":"https:\/\/boutique.zone300.com\/index.php\/wp-json\/wp\/v2\/product_cat?post=3999"},{"taxonomy":"product_tag","embeddable":true,"href":"https:\/\/boutique.zone300.com\/index.php\/wp-json\/wp\/v2\/product_tag?post=3999"}],"curies":[{"name":"wp","href":"https:\/\/api.w.org\/{rel}","templated":true}]}}