{"id":4042,"date":"2021-12-03T17:16:08","date_gmt":"2021-12-03T17:16:08","guid":{"rendered":"https:\/\/boutique.zone300.com\/?post_type=product&amp;p=4042"},"modified":"2024-11-03T05:16:22","modified_gmt":"2024-11-03T04:16:22","slug":"sweatshirt-a-capuche-perdrix-zone300-enfant-unisexe-copie","status":"publish","type":"product","link":"https:\/\/boutique.zone300.com\/index.php\/product\/sweatshirt-a-capuche-perdrix-zone300-enfant-unisexe-copie\/","title":{"rendered":"Sweatshirt \u00e0 Capuche Perdrix Zone300 &#8211; Enfant Unisexe"},"content":{"rendered":"<p>Sweatshirt \u00e0 capuche perdrix par Zone300 pour enfants.<\/p>\n<ul>\n<li>Excellente tenue dans le temps.<\/li>\n<li>Doux et confortable \u00e0 porter.<\/li>\n<li>Mod\u00e8le unisexe.<\/li>\n<\/ul>\n<p>50% coton \/ 50% polyester. Molleton gratt\u00e9. Bord inf\u00e9rieur et poignets en c\u00f4te \u00e9lasthanne 1&#215;1. Double surpiq\u00fbres \u00e0 cheval au niveau des emmanchures.<br \/>\nPoche kangourou. Capuche \u00e0 deux pans avec cordon ton sur ton en forme de tube. Manches mont\u00e9es. Coutures lat\u00e9rales.<\/p>\n<p>sweatshirt, sweatshirts, sweat-shirt, sweat-shirts, sweat shirt, sweat, sweats, pull \u00e0 capuche, pulls \u00e0 capuche, sweat \u00e0 capuche, sweats \u00e0 capuche,<br \/>\ngar\u00e7on, gar\u00e7ons, garcon, garcons, fille, filles, petit, petite, petits, petites, jeune, jeunes, enfant, enfants, fils, petit fils, petit-fils, petite-fille, petite fille<\/p>\n","protected":false},"excerpt":{"rendered":"<h3>Le Perdrix :<\/h3>\n<p>La perdrix impressionne par sa vitesse. Rep\u00e9r\u00e9e, elle d\u00e9colle en un \u00e9clair, ne laissant derri\u00e8re elle que poussi\u00e8re. Elle est aussi tr\u00e8s bonne chanteuse. Sa m\u00e9lodie r\u00e9sonne \u00e0 travers les champs de bl\u00e9.<\/p>\n<p>&nbsp;<\/p>\n<h3>Description :<\/h3>\n<p>Sweatshirt \u00e0 capuche perdrix par Zone300 pour enfants.<\/p>\n<ul>\n<li>Excellente tenue dans le temps.<\/li>\n<li>Doux et confortable \u00e0 porter.<\/li>\n<li>Mod\u00e8le unisexe.<\/li>\n<\/ul>\n<p>50% coton \/ 50% polyester. Molleton gratt\u00e9. Bord inf\u00e9rieur et poignets en c\u00f4te \u00e9lasthanne 1&#215;1. Double surpiq\u00fbres \u00e0 cheval au niveau des emmanchures.<br \/>\nPoche kangourou. Capuche \u00e0 deux pans avec cordon ton sur ton en forme de tube. Manches mont\u00e9es. Coutures lat\u00e9rales.<\/p>\n","protected":false},"featured_media":4041,"comment_status":"open","ping_status":"closed","template":"","meta":[],"product_cat":[31],"product_tag":[21,32,40],"_links":{"self":[{"href":"https:\/\/boutique.zone300.com\/index.php\/wp-json\/wp\/v2\/product\/4042"}],"collection":[{"href":"https:\/\/boutique.zone300.com\/index.php\/wp-json\/wp\/v2\/product"}],"about":[{"href":"https:\/\/boutique.zone300.com\/index.php\/wp-json\/wp\/v2\/types\/product"}],"replies":[{"embeddable":true,"href":"https:\/\/boutique.zone300.com\/index.php\/wp-json\/wp\/v2\/comments?post=4042"}],"wp:featuredmedia":[{"embeddable":true,"href":"https:\/\/boutique.zone300.com\/index.php\/wp-json\/wp\/v2\/media\/4041"}],"wp:attachment":[{"href":"https:\/\/boutique.zone300.com\/index.php\/wp-json\/wp\/v2\/media?parent=4042"}],"wp:term":[{"taxonomy":"product_cat","embeddable":true,"href":"https:\/\/boutique.zone300.com\/index.php\/wp-json\/wp\/v2\/product_cat?post=4042"},{"taxonomy":"product_tag","embeddable":true,"href":"https:\/\/boutique.zone300.com\/index.php\/wp-json\/wp\/v2\/product_tag?post=4042"}],"curies":[{"name":"wp","href":"https:\/\/api.w.org\/{rel}","templated":true}]}}